{"id":17,"date":"2023-11-09T16:35:18","date_gmt":"2023-11-09T15:35:18","guid":{"rendered":"http:\/\/archiviobozzini.montepulciano.si.it\/?page_id=17"},"modified":"2023-11-16T17:19:03","modified_gmt":"2023-11-16T16:19:03","slug":"larchivio","status":"publish","type":"page","link":"https:\/\/archiviobozzini.montepulciano.si.it\/index.php\/larchivio\/","title":{"rendered":"L&#8217;archivio"},"content":{"rendered":"\n<p>lorem ipsum<\/p>\n\n\n\n<div class=\"wp-block-columns is-layout-flex wp-container-core-columns-is-layout-28f84493 wp-block-columns-is-layout-flex\">\n<div class=\"wp-block-column is-layout-flow wp-block-column-is-layout-flow\">\n<p>Il fondo contiene un totale di 193 fascicoli, divisi in 7 serie: <em>1.Azione Cattolica, 2.Scuola e Universit\u00e0, 3.Resistenza, 4.Attivit\u00e0 politica, 5.Attivit\u00e0 lavorativa, 6.Corrispondenza personale, 7.Miscellanea.<\/em> A loro volta, alcune di queste sono state suddivise in sottoserie:<\/p>\n\n\n\n<ul class=\"wp-block-list\">\n<li>Attivit\u00e0 politica in 4.1.Partito Cristiano Sociale, 4.2. Democrazia Cristiana, 4.3.Candidatura 1963 alla Camera dei Deputati;<\/li>\n\n\n\n<li>Attivit\u00e0 lavorativa in 5.1. Editalia, 5.2. Unitalia, 5.3. Altri incarichi (EAR, EPT, ENAL, Sottosegretariato al Ministro del Turismo)<\/li>\n<\/ul>\n\n\n\n<p>Inoltre, all\u2019interno della serie 7. Miscellane si trova documentazione molto varia: fotografie e cassette audio, onorificenze, tessere, documenti di natura personale come certificati medici, documenti d\u2019identit\u00e0, giornali e riviste varie.<\/p>\n\n\n\n<p>(7.1.Bruscello; 7.2. Doc. miscellanea, generale e personale; 7.3. Doc. di natura privata, tessere, agende, stato di salute..; 7.4. onorificenze; 7.5. In Mortem; 7.6. Fotografie e audio; 7.7. Giornali e riviste varie)<\/p>\n<\/div>\n\n\n\n<div class=\"wp-block-column is-layout-flow wp-block-column-is-layout-flow\">\n<h4 class=\"wp-block-heading\">Sfoglia l&#8217;archivio<\/h4>\n\n\n\n<ul class=\"wp-block-list\">\n<li><a href=\"https:\/\/archiviobozzini.montepulciano.si.it\/index.php\/larchivio\/serie-1-azione-cattolica\/\" data-type=\"page\" data-id=\"22\">SERIE 1 &#8211; Azione cattolica<\/a><\/li>\n\n\n\n<li>SERIE 2 &#8211; Scuola e Universit\u00e0<\/li>\n\n\n\n<li><a href=\"https:\/\/archiviobozzini.montepulciano.si.it\/index.php\/larchivio\/serie-3-resistenza\/\" data-type=\"page\" data-id=\"978\">SERIE 3 &#8211; Resistenza<\/a><\/li>\n\n\n\n<li><a href=\"https:\/\/archiviobozzini.montepulciano.si.it\/index.php\/larchivio\/serie-4-attivita-politica\/\" data-type=\"page\" data-id=\"1018\">SERIE 4 &#8211; Attivit\u00e0 politica<\/a>\n<ul class=\"wp-block-list\">\n<li><a href=\"https:\/\/archiviobozzini.montepulciano.si.it\/index.php\/larchivio\/serie-4-attivita-politica\/sottoserie-4-1-partito-cristiano-sociale\/\" data-type=\"page\" data-id=\"1023\">SOTTOSERIE 4.1 &#8211; Partico Cristiano Sociale<\/a><\/li>\n\n\n\n<li><a href=\"https:\/\/archiviobozzini.montepulciano.si.it\/index.php\/larchivio\/serie-4-attivita-politica\/sottoserie-4-2-democrazia-cristiana\/\" data-type=\"page\" data-id=\"1025\">SOTTOSERIE 4.2 &#8211; Democrazia Cristiana<\/a><\/li>\n\n\n\n<li><a href=\"https:\/\/archiviobozzini.montepulciano.si.it\/index.php\/larchivio\/serie-4-attivita-politica\/sottoserie-4-3-candidature-alla-camera-dei-deputati\/\" data-type=\"page\" data-id=\"1029\">SOTTOSERIE 4.3 &#8211; Candidature alla Camera dei Deputati<\/a><\/li>\n<\/ul>\n<\/li>\n\n\n\n<li><a href=\"https:\/\/archiviobozzini.montepulciano.si.it\/index.php\/larchivio\/serie-5-attivita-lavorativa\/\" data-type=\"page\" data-id=\"1038\">SERIE 5 &#8211; Attivit\u00e0 lavorativa<\/a>\n<ul class=\"wp-block-list\">\n<li><a href=\"https:\/\/archiviobozzini.montepulciano.si.it\/index.php\/larchivio\/serie-5-attivita-lavorativa\/sottoserie-5-1-editalia\/\" data-type=\"page\" data-id=\"1045\">SOTTOSERIE 5.1 &#8211; Editalia<\/a><\/li>\n\n\n\n<li><a href=\"https:\/\/archiviobozzini.montepulciano.si.it\/index.php\/larchivio\/serie-5-attivita-lavorativa\/sottoserie-5-2-unitalia-film\/\" data-type=\"page\" data-id=\"1049\">SOTTOSERIE 5.2 &#8211; Unitalia Film<\/a><\/li>\n\n\n\n<li><a href=\"https:\/\/archiviobozzini.montepulciano.si.it\/index.php\/larchivio\/serie-5-attivita-lavorativa\/sottoserie-5-3-altri-incarichi-lavorativi\/\" data-type=\"page\" data-id=\"1054\">SOTTOSERIE 5.3 &#8211; Altri incarichi lavorativi<\/a><\/li>\n<\/ul>\n<\/li>\n\n\n\n<li><a href=\"https:\/\/archiviobozzini.montepulciano.si.it\/index.php\/larchivio\/serie-6-corrispondenza-personale\/\" data-type=\"page\" data-id=\"1064\">SERIE 6 &#8211; Corrispondenza personale<\/a><\/li>\n\n\n\n<li><a href=\"https:\/\/archiviobozzini.montepulciano.si.it\/index.php\/larchivio\/serie-7-miscellanea\/\" data-type=\"page\" data-id=\"1069\">SERIE 7 &#8211; Miscellanea (Fotografie &#8211; Onorificenze &#8211; Doc. Personali &#8211; Bruscello &#8211; Doc. di altre persone &#8211; In mortem)<\/a><\/li>\n<\/ul>\n<\/div>\n<\/div>\n","protected":false},"excerpt":{"rendered":"<p>lorem ipsum Il fondo contiene un totale di 193 fascicoli, divisi in 7 serie: 1.Azione Cattolica, 2.Scuola e Universit\u00e0, 3.Resistenza, 4.Attivit\u00e0 politica, 5.Attivit\u00e0 lavorativa, 6.Corrispondenza personale, 7.Miscellanea. A loro volta, alcune di queste sono state suddivise in sottoserie: Inoltre, all\u2019interno della serie 7. Miscellane si trova documentazione molto varia: fotografie e cassette audio, onorificenze, tessere, [&hellip;]<\/p>\n","protected":false},"author":1,"featured_media":0,"parent":0,"menu_order":0,"comment_status":"closed","ping_status":"closed","template":"","meta":{"_uag_custom_page_level_css":"","site-sidebar-layout":"default","site-content-layout":"","ast-site-content-layout":"default","site-content-style":"default","site-sidebar-style":"default","ast-global-header-display":"","ast-banner-title-visibility":"","ast-main-header-display":"","ast-hfb-above-header-display":"","ast-hfb-below-header-display":"","ast-hfb-mobile-header-display":"","site-post-title":"","ast-breadcrumbs-content":"","ast-featured-img":"","footer-sml-layout":"","theme-transparent-header-meta":"","adv-header-id-meta":"","stick-header-meta":"","header-above-stick-meta":"","header-main-stick-meta":"","header-below-stick-meta":"","astra-migrate-meta-layouts":"set","ast-page-background-enabled":"default","ast-page-background-meta":{"desktop":{"background-color":"","background-image":"","background-repeat":"repeat","background-position":"center center","background-size":"auto","background-attachment":"scroll","background-type":"","background-media":"","overlay-type":"","overlay-color":"","overlay-opacity":"","overlay-gradient":""},"tablet":{"background-color":"","background-image":"","background-repeat":"repeat","background-position":"center center","background-size":"auto","background-attachment":"scroll","background-type":"","background-media":"","overlay-type":"","overlay-color":"","overlay-opacity":"","overlay-gradient":""},"mobile":{"background-color":"","background-image":"","background-repeat":"repeat","background-position":"center center","background-size":"auto","background-attachment":"scroll","background-type":"","background-media":"","overlay-type":"","overlay-color":"","overlay-opacity":"","overlay-gradient":""}},"ast-content-background-meta":{"desktop":{"background-color":"var(--ast-global-color-5)","background-image":"","background-repeat":"repeat","background-position":"center center","background-size":"auto","background-attachment":"scroll","background-type":"","background-media":"","overlay-type":"","overlay-color":"","overlay-opacity":"","overlay-gradient":""},"tablet":{"background-color":"var(--ast-global-color-5)","background-image":"","background-repeat":"repeat","background-position":"center center","background-size":"auto","background-attachment":"scroll","background-type":"","background-media":"","overlay-type":"","overlay-color":"","overlay-opacity":"","overlay-gradient":""},"mobile":{"background-color":"var(--ast-global-color-5)","background-image":"","background-repeat":"repeat","background-position":"center center","background-size":"auto","background-attachment":"scroll","background-type":"","background-media":"","overlay-type":"","overlay-color":"","overlay-opacity":"","overlay-gradient":""}},"footnotes":""},"class_list":["post-17","page","type-page","status-publish","hentry"],"uagb_featured_image_src":{"full":false,"thumbnail":false,"medium":false,"medium_large":false,"large":false,"1536x1536":false,"2048x2048":false},"uagb_author_info":{"display_name":"pangea","author_link":"https:\/\/archiviobozzini.montepulciano.si.it\/index.php\/author\/pangea\/"},"uagb_comment_info":0,"uagb_excerpt":"lorem ipsum Il fondo contiene un totale di 193 fascicoli, divisi in 7 serie: 1.Azione Cattolica, 2.Scuola e Universit\u00e0, 3.Resistenza, 4.Attivit\u00e0 politica, 5.Attivit\u00e0 lavorativa, 6.Corrispondenza personale, 7.Miscellanea. A loro volta, alcune di queste sono state suddivise in sottoserie: Inoltre, all\u2019interno della serie 7. Miscellane si trova documentazione molto varia: fotografie e cassette audio, onorificenze, tessere,&hellip;","_links":{"self":[{"href":"https:\/\/archiviobozzini.montepulciano.si.it\/index.php\/wp-json\/wp\/v2\/pages\/17","targetHints":{"allow":["GET"]}}],"collection":[{"href":"https:\/\/archiviobozzini.montepulciano.si.it\/index.php\/wp-json\/wp\/v2\/pages"}],"about":[{"href":"https:\/\/archiviobozzini.montepulciano.si.it\/index.php\/wp-json\/wp\/v2\/types\/page"}],"author":[{"embeddable":true,"href":"https:\/\/archiviobozzini.montepulciano.si.it\/index.php\/wp-json\/wp\/v2\/users\/1"}],"replies":[{"embeddable":true,"href":"https:\/\/archiviobozzini.montepulciano.si.it\/index.php\/wp-json\/wp\/v2\/comments?post=17"}],"version-history":[{"count":6,"href":"https:\/\/archiviobozzini.montepulciano.si.it\/index.php\/wp-json\/wp\/v2\/pages\/17\/revisions"}],"predecessor-version":[{"id":1182,"href":"https:\/\/archiviobozzini.montepulciano.si.it\/index.php\/wp-json\/wp\/v2\/pages\/17\/revisions\/1182"}],"wp:attachment":[{"href":"https:\/\/archiviobozzini.montepulciano.si.it\/index.php\/wp-json\/wp\/v2\/media?parent=17"}],"curies":[{"name":"wp","href":"https:\/\/api.w.org\/{rel}","templated":true}]}}