{"id":650,"date":"2022-01-27T09:34:02","date_gmt":"2022-01-27T09:34:02","guid":{"rendered":"http:\/\/archiviobozzini.montepulciano.si.it\/index.php\/home-2\/"},"modified":"2023-11-17T17:35:51","modified_gmt":"2023-11-17T16:35:51","slug":"home-2","status":"publish","type":"page","link":"https:\/\/archiviobozzini.montepulciano.si.it\/","title":{"rendered":"Home"},"content":{"rendered":"\n<div class=\"wp-block-uagb-container uagb-block-6fa09476 alignfull uagb-is-root-container\"><div class=\"uagb-container-inner-blocks-wrap\">\n<div class=\"wp-block-uagb-advanced-heading uagb-block-1d7c6f2b\"><h4 class=\"uagb-heading-text\">Biblioteca di Montepulciano<\/h4><\/div>\n\n\n\n<div class=\"wp-block-uagb-advanced-heading uagb-block-4b79fcad\"><h1 class=\"uagb-heading-text\">Archivio Lidio Bozzini<\/h1><\/div>\n\n\n\n<div class=\"wp-block-uagb-advanced-heading uagb-block-a6b304b9\"><p class=\"uagb-heading-text\"> Lidio Bozzini: <br>Attivista politico, partigiano, editore, imprenditore in campo artistico, rappresentante all\u2019estero della cultura italiana e dello spettacolo, protagonista sulla scena politica e istituzionale della Prima Repubblica, sempre legato a Montepulciano e a Siena<\/p><\/div>\n<\/div><\/div>\n\n\n\n<div class=\"wp-block-uagb-container uagb-block-468e164d alignfull uagb-is-root-container\"><div class=\"uagb-container-inner-blocks-wrap\">\n<div class=\"wp-block-uagb-info-box uagb-block-f0aa99a4 uagb-infobox__content-wrap  uagb-infobox-icon-above-title uagb-infobox-image-valign-top\"><div class=\"uagb-ifb-content\"><div class=\"uagb-ifb-icon-wrap\"><svg xmlns=\"https:\/\/www.w3.org\/2000\/svg\" viewBox=\"0 0 448 512\"><path d=\"M96 224C84.72 224 74.05 226.3 64 229.9V224c0-35.3 28.7-64 64-64c17.67 0 32-14.33 32-32S145.7 96 128 96C57.42 96 0 153.4 0 224v96c0 53.02 42.98 96 96 96s96-42.98 96-96S149 224 96 224zM352 224c-11.28 0-21.95 2.305-32 5.879V224c0-35.3 28.7-64 64-64c17.67 0 32-14.33 32-32s-14.33-32-32-32c-70.58 0-128 57.42-128 128v96c0 53.02 42.98 96 96 96s96-42.98 96-96S405 224 352 224z\"><\/path><\/svg><\/div><div class=\"uagb-ifb-title-wrap\"><h6 class=\"uagb-ifb-title\">Il lavoro di inventariazione dell\u2019ampia documentazione, condotto dagli archivisti della Biblioteca Poliziana, porta alla luce un percorso di vita, un impegno politico e civile che sono state le premesse per le successive attivit\u00e0. <\/h6><\/div><div class=\"uagb-ifb-button-wrapper wp-block-button\"><a href=\"#\" target=\"_self\" onclick=\"return false;\" class=\"uagb-infobox-cta-link\" rel=\"noopener noreferrer\" alt=\"\"><span class=\"uagb-inline-editing\">  <\/span><\/a><\/div><\/div><\/div>\n<\/div><\/div>\n\n\n\n<div class=\"wp-block-uagb-container uagb-block-920d8daa alignfull uagb-is-root-container\"><div class=\"uagb-container-inner-blocks-wrap\">\n<div class=\"wp-block-uagb-container uagb-block-c26061ab\">\n<div class=\"wp-block-uagb-image uagb-block-bd043b5d wp-block-uagb-image--layout-default wp-block-uagb-image--effect-static wp-block-uagb-image--align-none\"><figure class=\"wp-block-uagb-image__figure\"><img decoding=\"async\" srcset=\"https:\/\/archiviobozzini.montepulciano.si.it\/wp-content\/uploads\/2023\/11\/Pertini_Bozzini-2.jpg ,https:\/\/archiviobozzini.montepulciano.si.it\/wp-content\/uploads\/2023\/11\/Pertini_Bozzini-2.jpg 780w, https:\/\/archiviobozzini.montepulciano.si.it\/wp-content\/uploads\/2023\/11\/Pertini_Bozzini-2.jpg 360w\" sizes=\"auto, (max-width: 480px) 150px\" src=\"https:\/\/archiviobozzini.montepulciano.si.it\/wp-content\/uploads\/2023\/11\/Pertini_Bozzini-2.jpg\" alt=\"\" class=\"uag-image-927\" width=\"480\" height=\"640\" title=\"\" loading=\"lazy\"\/><\/figure><\/div>\n<\/div>\n\n\n\n<div class=\"wp-block-uagb-container uagb-block-09a4445a\">\n<div class=\"wp-block-uagb-advanced-heading uagb-block-eec3ef90\"><h2 class=\"uagb-heading-text\">L&#8217;archivio<\/h2><\/div>\n\n\n\n<p class=\"has-ast-global-color-2-color has-ast-global-color-4-background-color has-text-color has-background has-link-color wp-elements-d5f024b40721cda3a1bfbc5db5fabda8\">A 100 anni dalla sua nascita (2 Febbraio 2022),&nbsp;<strong>la famiglia di Bozzini ha deciso di donare il suo archivio<\/strong>&nbsp;alla Biblioteca comunale e Archivio storico \u2019Calamandrei\u2019. Una quantit\u00e0 importante di documenti risalenti agli anni della Resistenza tra cui \u00e8 possibile osservare: una corrispondenza con altri partigiani e anche familiari, contenente informazioni riservate sui movimenti nemici e sull\u2019organizzazione partigiana della zona; organizzazione per il reclutamento di partigiani; testimonianze sulla propaganda antifascista diffusa in quegli anni e anche una piccola testimonianza di resistenza personale, ma non di meno importante. Molti documenti poi fanno riferimento proprio alla battaglia di Monticchiello.<\/p>\n<\/div>\n<\/div><\/div>\n\n\n\n<div class=\"wp-block-uagb-container uagb-block-efbc016e alignfull uagb-is-root-container\"><\/div>\n\n\n\n<div class=\"wp-block-uagb-container uagb-block-ae5d896a alignfull uagb-is-root-container\"><div class=\"uagb-container-inner-blocks-wrap\">\n<div class=\"wp-block-uagb-info-box uagb-block-7d2137f0 uagb-infobox__content-wrap  uagb-infobox-icon-above-title uagb-infobox-image-valign-top\"><div class=\"uagb-ifb-content\"><div class=\"uagb-ifb-title-wrap\"><span class=\"uagb-ifb-title-prefix\">Il progetto<\/span><h3 class=\"uagb-ifb-title\">L&#8217;archivio documentale online<\/h3><\/div><p class=\"uagb-ifb-desc\">Il fondo contiene un totale di 197 fascicoli, divisi in 7 serie:&nbsp;<br><em>1.Azione Cattolica, 2.Scuola e Universit\u00e0, 3.Resistenza, 4.Attivit\u00e0 politica, 5.Attivit\u00e0 lavorativa, 6.Corrispondenza personale, 7.Miscellanea.<\/em><br>&nbsp;A loro volta, alcune di queste sono state suddivise in sottoserie:&nbsp;<br>Attivit\u00e0 politica in 4.1.Partito Cristiano Sociale, 4.2. Democrazia Cristiana, 4.3.Candidatura 1963 alla Camera dei Deputati;<br>Attivit\u00e0 lavorativa in 5.1. Editalia, 5.2. Unitalia, 5.3. Altri incarichi (EAR, EPT, ENAL, Sottosegretariato al Ministro del Turismo)<br>Inoltre, all\u2019interno della serie 7. Miscellane si trova documentazione molto varia: fotografie e cassette audio, onorificenze, tessere, documenti di natura personale come certificati medici, documenti d\u2019identit\u00e0, giornali e riviste varie.&nbsp;<\/p><\/div><\/div>\n<\/div><\/div>\n\n\n\n<div class=\"wp-block-uagb-container uagb-block-432ee628 alignfull uagb-is-root-container\"><div class=\"uagb-container-inner-blocks-wrap\">\n<div class=\"wp-block-uagb-info-box uagb-block-8df3b83a uagb-infobox__content-wrap  uagb-infobox-icon-above-title uagb-infobox-image-valign-top\"><div class=\"uagb-ifb-content\"><div class=\"uagb-ifb-title-wrap\"><h5 class=\"uagb-ifb-title\"><a href=\"https:\/\/archiviobozzini.montepulciano.si.it\/index.php\/larchivio\/serie-1-azione-cattolica\">Azione Cattolica<\/a><\/h5><\/div><p class=\"uagb-ifb-desc\">Si conserva documentazione relativa all\u2019attivit\u00e0 di Lidio Bozzini all\u2019interno dell\u2019Associazione Azione Cattolica&#8230; <a href=\"https:\/\/archiviobozzini.montepulciano.si.it\/index.php\/larchivio\/serie-1-azione-cattolica\">CONTINUA<\/a><\/p><\/div><\/div>\n\n\n\n<div class=\"wp-block-uagb-info-box uagb-block-f14f9f1f uagb-infobox__content-wrap  uagb-infobox-icon-above-title uagb-infobox-image-valign-top\"><div class=\"uagb-ifb-content\"><div class=\"uagb-ifb-title-wrap\"><h5 class=\"uagb-ifb-title\"><a href=\"https:\/\/archiviobozzini.montepulciano.si.it\/index.php\/larchivio\/serie-2-scuola-e-universita\/\" data-type=\"page\" data-id=\"976\">Scuola e Universit\u00e0<\/a><\/h5><\/div><p class=\"uagb-ifb-desc\">Contiene la documentazione relativa al periodo scolastico-liceale e universitario di Bozzini&#8230;<br><a href=\"https:\/\/archiviobozzini.montepulciano.si.it\/index.php\/larchivio\/serie-2-scuola-e-universita\/\" data-type=\"page\" data-id=\"976\">CONTINUA<\/a><\/p><\/div><\/div>\n\n\n\n<div class=\"wp-block-uagb-info-box uagb-block-7ef66d33 uagb-infobox__content-wrap  uagb-infobox-icon-above-title uagb-infobox-image-valign-top\"><div class=\"uagb-ifb-content\"><div class=\"uagb-ifb-title-wrap\"><h5 class=\"uagb-ifb-title\"><a href=\"https:\/\/archiviobozzini.montepulciano.si.it\/index.php\/larchivio\/serie-3-resistenza\/\" data-type=\"page\" data-id=\"978\">Resistenza<\/a><\/h5><\/div><p class=\"uagb-ifb-desc\">Si conserva in questa serie tutta la documentazione relativa al periodo inerente la Resistenza&#8230;<br><a href=\"https:\/\/archiviobozzini.montepulciano.si.it\/index.php\/larchivio\/serie-3-resistenza\/\" data-type=\"page\" data-id=\"978\">CONTINUA<\/a><\/p><\/div><\/div>\n\n\n\n<div class=\"wp-block-uagb-info-box uagb-block-89ecb260 uagb-infobox__content-wrap  uagb-infobox-icon-above-title uagb-infobox-image-valign-top\"><div class=\"uagb-ifb-content\"><div class=\"uagb-ifb-title-wrap\"><h5 class=\"uagb-ifb-title\"><a href=\"https:\/\/archiviobozzini.montepulciano.si.it\/index.php\/larchivio\/serie-4-attivita-politica\/\" data-type=\"page\" data-id=\"1018\">Attivit\u00e0 Politica<\/a><\/h5><\/div><p class=\"uagb-ifb-desc\">Presente documentazione riguardante l\u2019attivit\u00e0 politica di Lidio Bozzini&#8230;<br><a href=\"https:\/\/archiviobozzini.montepulciano.si.it\/index.php\/larchivio\/serie-4-attivita-politica\/\" data-type=\"page\" data-id=\"1018\">CONTINUA<\/a><\/p><\/div><\/div>\n<\/div><\/div>\n\n\n\n<div class=\"wp-block-uagb-container uagb-block-88312a01 alignfull uagb-is-root-container\"><div class=\"uagb-container-inner-blocks-wrap\">\n<div class=\"wp-block-uagb-info-box uagb-block-694cb570 uagb-infobox__content-wrap  uagb-infobox-icon-above-title uagb-infobox-image-valign-top\"><div class=\"uagb-ifb-content\"><div class=\"uagb-ifb-title-wrap\"><h5 class=\"uagb-ifb-title\"><a href=\"https:\/\/archiviobozzini.montepulciano.si.it\/index.php\/larchivio\/serie-5-attivita-lavorativa\/\" data-type=\"page\" data-id=\"1038\">Attivit\u00e0 lavorativa<\/a><\/h5><\/div><p class=\"uagb-ifb-desc\">Nella serie vengono conservati documenti facenti riferimento alla consistente attivit\u00e0 lavorativa&#8230;<br><a href=\"https:\/\/archiviobozzini.montepulciano.si.it\/index.php\/larchivio\/serie-5-attivita-lavorativa\/\" data-type=\"page\" data-id=\"1038\">CONTINUA<\/a><\/p><\/div><\/div>\n\n\n\n<div class=\"wp-block-uagb-info-box uagb-block-385b9f1d uagb-infobox__content-wrap  uagb-infobox-icon-above-title uagb-infobox-image-valign-top\"><div class=\"uagb-ifb-content\"><div class=\"uagb-ifb-title-wrap\"><h5 class=\"uagb-ifb-title\"><a href=\"https:\/\/archiviobozzini.montepulciano.si.it\/index.php\/larchivio\/serie-6-corrispondenza-personale\/\" data-type=\"page\" data-id=\"1064\">Corrispondenza personale<\/a><\/h5><\/div><p class=\"uagb-ifb-desc\">Si \u00e8 ritenuto opportuno differenziare in questa serie la corrispondenza personale&#8230;<br><a href=\"https:\/\/archiviobozzini.montepulciano.si.it\/index.php\/larchivio\/serie-6-corrispondenza-personale\/\" data-type=\"page\" data-id=\"1064\">CONTINUA<\/a><\/p><\/div><\/div>\n\n\n\n<div class=\"wp-block-uagb-info-box uagb-block-ce71809f uagb-infobox__content-wrap  uagb-infobox-icon-above-title uagb-infobox-image-valign-top\"><div class=\"uagb-ifb-content\"><div class=\"uagb-ifb-title-wrap\"><h5 class=\"uagb-ifb-title\"><a href=\"https:\/\/archiviobozzini.montepulciano.si.it\/index.php\/larchivio\/serie-7-miscellanea\/\" data-type=\"page\" data-id=\"1069\">Miscellanea<\/a><\/h5><\/div><p class=\"uagb-ifb-desc\">All\u2019interno si trova varia documentazione per cui la quantit\u00e0 non sufficiente ha comportato una serie unica&#8230;<a href=\"https:\/\/archiviobozzini.montepulciano.si.it\/index.php\/larchivio\/serie-7-miscellanea\/\" data-type=\"page\" data-id=\"1069\">CONTINUA<\/a><\/p><\/div><\/div>\n<\/div><\/div>\n\n\n\n<div class=\"wp-block-uagb-container uagb-block-d3832ffb alignfull uagb-is-root-container\">\n<iframe src=\"https:\/\/www.google.com\/maps\/embed?pb=!1m18!1m12!1m3!1d2913.5454896354217!2d11.778461775901286!3d43.09304997113421!2m3!1f0!2f0!3f0!3m2!1i1024!2i768!4f13.1!3m3!1m2!1s0x13295c112b29ad91%3A0x4e7c7c074a05c56d!2sBiblioteca%20Comunale%20P.%20Calamandrei!5e0!3m2!1sit!2sit!4v1699570675249!5m2!1sit!2sit\" width=\"100%\" height=\"450\" style=\"border:0;\" allowfullscreen=\"\" loading=\"lazy\" referrerpolicy=\"no-referrer-when-downgrade\"><\/iframe>\n<\/div>\n","protected":false},"excerpt":{"rendered":"<p>Biblioteca di Montepulciano Archivio Lidio Bozzini Lidio Bozzini: Attivista politico, partigiano, editore, imprenditore in campo artistico, rappresentante all\u2019estero della cultura italiana e dello spettacolo, protagonista sulla scena politica e istituzionale della Prima Repubblica, sempre legato a Montepulciano e a Siena L&#8217;archivio A 100 anni dalla sua nascita (2 Febbraio 2022),&nbsp;la famiglia di Bozzini ha deciso [&hellip;]<\/p>\n","protected":false},"author":1,"featured_media":0,"parent":0,"menu_order":0,"comment_status":"closed","ping_status":"closed","template":"","meta":{"_uag_custom_page_level_css":"","site-sidebar-layout":"no-sidebar","site-content-layout":"page-builder","ast-site-content-layout":"full-width-container","site-content-style":"unboxed","site-sidebar-style":"unboxed","ast-global-header-display":"","ast-banner-title-visibility":"","ast-main-header-display":"","ast-hfb-above-header-display":"","ast-hfb-below-header-display":"","ast-hfb-mobile-header-display":"","site-post-title":"disabled","ast-breadcrumbs-content":"","ast-featured-img":"disabled","footer-sml-layout":"","theme-transparent-header-meta":"enabled","adv-header-id-meta":"","stick-header-meta":"","header-above-stick-meta":"","header-main-stick-meta":"","header-below-stick-meta":"","astra-migrate-meta-layouts":"set","ast-page-background-enabled":"default","ast-page-background-meta":{"desktop":{"background-color":"","background-image":"","background-repeat":"repeat","background-position":"center center","background-size":"auto","background-attachment":"scroll","background-type":"","background-media":"","overlay-type":"","overlay-color":"","overlay-opacity":"","overlay-gradient":""},"tablet":{"background-color":"","background-image":"","background-repeat":"repeat","background-position":"center center","background-size":"auto","background-attachment":"scroll","background-type":"","background-media":"","overlay-type":"","overlay-color":"","overlay-opacity":"","overlay-gradient":""},"mobile":{"background-color":"","background-image":"","background-repeat":"repeat","background-position":"center center","background-size":"auto","background-attachment":"scroll","background-type":"","background-media":"","overlay-type":"","overlay-color":"","overlay-opacity":"","overlay-gradient":""}},"ast-content-background-meta":{"desktop":{"background-color":"var(--ast-global-color-5)","background-image":"","background-repeat":"repeat","background-position":"center center","background-size":"auto","background-attachment":"scroll","background-type":"","background-media":"","overlay-type":"","overlay-color":"","overlay-opacity":"","overlay-gradient":""},"tablet":{"background-color":"var(--ast-global-color-5)","background-image":"","background-repeat":"repeat","background-position":"center center","background-size":"auto","background-attachment":"scroll","background-type":"","background-media":"","overlay-type":"","overlay-color":"","overlay-opacity":"","overlay-gradient":""},"mobile":{"background-color":"var(--ast-global-color-5)","background-image":"","background-repeat":"repeat","background-position":"center center","background-size":"auto","background-attachment":"scroll","background-type":"","background-media":"","overlay-type":"","overlay-color":"","overlay-opacity":"","overlay-gradient":""}},"footnotes":""},"class_list":["post-650","page","type-page","status-publish","hentry"],"uagb_featured_image_src":{"full":false,"thumbnail":false,"medium":false,"medium_large":false,"large":false,"1536x1536":false,"2048x2048":false},"uagb_author_info":{"display_name":"pangea","author_link":"https:\/\/archiviobozzini.montepulciano.si.it\/index.php\/author\/pangea\/"},"uagb_comment_info":0,"uagb_excerpt":"Biblioteca di Montepulciano Archivio Lidio Bozzini Lidio Bozzini: Attivista politico, partigiano, editore, imprenditore in campo artistico, rappresentante all\u2019estero della cultura italiana e dello spettacolo, protagonista sulla scena politica e istituzionale della Prima Repubblica, sempre legato a Montepulciano e a Siena L&#8217;archivio A 100 anni dalla sua nascita (2 Febbraio 2022),&nbsp;la famiglia di Bozzini ha deciso&hellip;","_links":{"self":[{"href":"https:\/\/archiviobozzini.montepulciano.si.it\/index.php\/wp-json\/wp\/v2\/pages\/650","targetHints":{"allow":["GET"]}}],"collection":[{"href":"https:\/\/archiviobozzini.montepulciano.si.it\/index.php\/wp-json\/wp\/v2\/pages"}],"about":[{"href":"https:\/\/archiviobozzini.montepulciano.si.it\/index.php\/wp-json\/wp\/v2\/types\/page"}],"author":[{"embeddable":true,"href":"https:\/\/archiviobozzini.montepulciano.si.it\/index.php\/wp-json\/wp\/v2\/users\/1"}],"replies":[{"embeddable":true,"href":"https:\/\/archiviobozzini.montepulciano.si.it\/index.php\/wp-json\/wp\/v2\/comments?post=650"}],"version-history":[{"count":10,"href":"https:\/\/archiviobozzini.montepulciano.si.it\/index.php\/wp-json\/wp\/v2\/pages\/650\/revisions"}],"predecessor-version":[{"id":1207,"href":"https:\/\/archiviobozzini.montepulciano.si.it\/index.php\/wp-json\/wp\/v2\/pages\/650\/revisions\/1207"}],"wp:attachment":[{"href":"https:\/\/archiviobozzini.montepulciano.si.it\/index.php\/wp-json\/wp\/v2\/media?parent=650"}],"curies":[{"name":"wp","href":"https:\/\/api.w.org\/{rel}","templated":true}]}}